{"id":2,"date":"2012-04-05T10:02:07","date_gmt":"2012-04-05T07:02:07","guid":{"rendered":"http:\/\/themes.iki-bir.com\/jupither-wp\/?page_id=2"},"modified":"2015-02-24T23:08:01","modified_gmt":"2015-02-24T21:08:01","slug":"hizmetler","status":"publish","type":"page","link":"https:\/\/www.ilkerdogan.com\/index.php\/hizmetler\/","title":{"rendered":"H\u0130ZMETLER"},"content":{"rendered":"<h2 class=\"section-title center\" style=\"text-align: center;\">HANG\u0130 H\u0130ZMET\u0130M\u0130ZDEN YARARLANMAK \u0130STERS\u0130N\u0130Z?<\/h2>\n<div class=\"row\">\n<div class=\"col-sm-4   \">\n<div class=\"pricing-table\">\n<h3>MODEL<\/h3>\n<p><a href=\"https:\/\/www.ilkerdogan.com\/index.php\/portfolio\/models-2\/\"><img decoding=\"async\" loading=\"lazy\" class=\"aligncenter wp-image-1089 size-medium\" src=\"https:\/\/www.ilkerdogan.com\/wp-content\/uploads\/MO3-300x201.jpg\" alt=\"MO3\" width=\"300\" height=\"201\" srcset=\"https:\/\/www.ilkerdogan.com\/wp-content\/uploads\/MO3-300x201.jpg 300w, https:\/\/www.ilkerdogan.com\/wp-content\/uploads\/MO3-1024x686.jpg 1024w, https:\/\/www.ilkerdogan.com\/wp-content\/uploads\/MO3-760x507.jpg 760w, https:\/\/www.ilkerdogan.com\/wp-content\/uploads\/MO3-747x500.jpg 747w, https:\/\/www.ilkerdogan.com\/wp-content\/uploads\/MO3-1000x669.jpg 1000w, https:\/\/www.ilkerdogan.com\/wp-content\/uploads\/MO3.jpg 1080w\" sizes=\"(max-width: 300px) 100vw, 300px\" \/><\/a><\/p>\n<ul>\n<li>3 Saate Kadar<\/li>\n<li>10\u00a0\u0130\u015flenmi\u015f Foto\u011fraf<\/li>\n<li>Belirlenen\u00a0Mekanda<\/li>\n<li>Foto\u011fraflar\u0131n CD&#8217;si<\/li>\n<\/ul>\n<\/div>\n<\/div>\n<div class=\"col-sm-4   \">\n<div class=\"pricing-table\">\n<h3>D\u00dc\u011e\u00dcN<\/h3>\n<p style=\"text-align: center;\"><a href=\"https:\/\/www.ilkerdogan.com\/index.php\/portfolio\/wedding-day\/\"><img decoding=\"async\" loading=\"lazy\" class=\"aligncenter size-medium wp-image-1140\" src=\"https:\/\/www.ilkerdogan.com\/wp-content\/uploads\/WD2-300x200.jpg\" alt=\"WD2\" width=\"300\" height=\"200\" srcset=\"https:\/\/www.ilkerdogan.com\/wp-content\/uploads\/WD2-300x200.jpg 300w, https:\/\/www.ilkerdogan.com\/wp-content\/uploads\/WD2.jpg 1024w, https:\/\/www.ilkerdogan.com\/wp-content\/uploads\/WD2-760x507.jpg 760w, https:\/\/www.ilkerdogan.com\/wp-content\/uploads\/WD2-751x500.jpg 751w, https:\/\/www.ilkerdogan.com\/wp-content\/uploads\/WD2-1000x666.jpg 1000w\" sizes=\"(max-width: 300px) 100vw, 300px\" \/><\/a><\/p>\n<ul>\n<li>4\u00a0Saate Kadar<\/li>\n<li>15 \u0130\u015flenmi\u015f Foto\u011fraf<\/li>\n<li>1 Adet Bask\u0131<\/li>\n<li>Foto\u011fraflar\u0131n CD&#8217;si<\/li>\n<\/ul>\n<\/div>\n<\/div>\n<div class=\"col-sm-4   \">\n<div class=\"pricing-table\">\n<h3>KONSER<\/h3>\n<p style=\"text-align: center;\"><a href=\"https:\/\/www.ilkerdogan.com\/index.php\/portfolio\/concerts\/\"><img decoding=\"async\" loading=\"lazy\" class=\"aligncenter size-medium wp-image-1086\" src=\"https:\/\/www.ilkerdogan.com\/wp-content\/uploads\/MC15-300x201.jpg\" alt=\"MC15\" width=\"300\" height=\"201\" srcset=\"https:\/\/www.ilkerdogan.com\/wp-content\/uploads\/MC15-300x201.jpg 300w, https:\/\/www.ilkerdogan.com\/wp-content\/uploads\/MC15-1024x686.jpg 1024w, https:\/\/www.ilkerdogan.com\/wp-content\/uploads\/MC15-760x507.jpg 760w, https:\/\/www.ilkerdogan.com\/wp-content\/uploads\/MC15-747x500.jpg 747w, https:\/\/www.ilkerdogan.com\/wp-content\/uploads\/MC15-1000x669.jpg 1000w, https:\/\/www.ilkerdogan.com\/wp-content\/uploads\/MC15.jpg 1080w\" sizes=\"(max-width: 300px) 100vw, 300px\" \/><\/a><\/p>\n<ul>\n<li>Prova ve Konser<\/li>\n<li>15\u00a0\u0130\u015flenmi\u015f Foto\u011fraf<\/li>\n<li>Teslimat 24 saat<\/li>\n<li>Foto\u011fraflar\u0131n CD&#8217;si<\/li>\n<\/ul>\n<\/div>\n<\/div>\n<div class=\"col-sm-4   \">\n<div class=\"pricing-table\">\n<h3>KATALOG<\/h3>\n<p style=\"text-align: center;\"><a href=\"https:\/\/www.ilkerdogan.com\/index.php\/portfolio\/editorial\/\"><img decoding=\"async\" loading=\"lazy\" class=\"aligncenter size-medium wp-image-1063\" src=\"https:\/\/www.ilkerdogan.com\/wp-content\/uploads\/CO21-300x200.jpg\" alt=\"CO21\" width=\"300\" height=\"200\" srcset=\"https:\/\/www.ilkerdogan.com\/wp-content\/uploads\/CO21-300x200.jpg 300w, https:\/\/www.ilkerdogan.com\/wp-content\/uploads\/CO21-1024x683.jpg 1024w, https:\/\/www.ilkerdogan.com\/wp-content\/uploads\/CO21-760x507.jpg 760w, https:\/\/www.ilkerdogan.com\/wp-content\/uploads\/CO21-750x500.jpg 750w, https:\/\/www.ilkerdogan.com\/wp-content\/uploads\/CO21-1000x667.jpg 1000w, https:\/\/www.ilkerdogan.com\/wp-content\/uploads\/CO21.jpg 1080w\" sizes=\"(max-width: 300px) 100vw, 300px\" \/><\/a><\/p>\n<ul>\n<li>3 Saate Kadar<\/li>\n<li>15\u00a0\u0130\u015flenmi\u015f Foto\u011fraf<\/li>\n<li>Retouch \u00a0se\u00e7ene\u011fi<\/li>\n<li>Foto\u011fraflar\u0131n CD&#8217;si<\/li>\n<\/ul>\n<\/div>\n<\/div>\n<div class=\"col-sm-4   \">\n<div class=\"pricing-table\">\n<h3>PERFORMANS<\/h3>\n<p style=\"text-align: center;\"><a href=\"https:\/\/www.ilkerdogan.com\/index.php\/portfolio\/stage\/\"><img decoding=\"async\" loading=\"lazy\" class=\"aligncenter size-medium wp-image-1274\" src=\"https:\/\/www.ilkerdogan.com\/wp-content\/uploads\/DSC_0001-300x200.jpg\" alt=\"DSC_0001\" width=\"300\" height=\"200\" srcset=\"https:\/\/www.ilkerdogan.com\/wp-content\/uploads\/DSC_0001-300x200.jpg 300w, https:\/\/www.ilkerdogan.com\/wp-content\/uploads\/DSC_0001-1024x683.jpg 1024w, https:\/\/www.ilkerdogan.com\/wp-content\/uploads\/DSC_0001-760x507.jpg 760w, https:\/\/www.ilkerdogan.com\/wp-content\/uploads\/DSC_0001-750x500.jpg 750w, https:\/\/www.ilkerdogan.com\/wp-content\/uploads\/DSC_0001-1600x1067.jpg 1600w, https:\/\/www.ilkerdogan.com\/wp-content\/uploads\/DSC_0001-1000x667.jpg 1000w, https:\/\/www.ilkerdogan.com\/wp-content\/uploads\/DSC_0001-1920x1280.jpg 1920w, https:\/\/www.ilkerdogan.com\/wp-content\/uploads\/DSC_0001-1400x933.jpg 1400w, https:\/\/www.ilkerdogan.com\/wp-content\/uploads\/DSC_0001.jpg 1950w\" sizes=\"(max-width: 300px) 100vw, 300px\" \/><\/a><\/p>\n<ul>\n<li>Prova ve Oyun<\/li>\n<li>15\u00a0\u0130\u015flenmi\u015f Foto\u011fraf<\/li>\n<li>Backstage Video<\/li>\n<li>Foto\u011fraflar\u0131n CD&#8217;si<\/li>\n<\/ul>\n<\/div>\n<\/div>\n<div class=\"col-sm-4   \">\n<div class=\"pricing-table\">\n<h3>PORTRE<\/h3>\n<p style=\"text-align: center;\"><a href=\"https:\/\/www.ilkerdogan.com\/index.php\/portfolio\/models-2\/\"><img decoding=\"async\" loading=\"lazy\" class=\"aligncenter size-medium wp-image-1087\" src=\"https:\/\/www.ilkerdogan.com\/wp-content\/uploads\/MO1-300x201.jpg\" alt=\"MO1\" width=\"300\" height=\"201\" srcset=\"https:\/\/www.ilkerdogan.com\/wp-content\/uploads\/MO1-300x201.jpg 300w, https:\/\/www.ilkerdogan.com\/wp-content\/uploads\/MO1-1024x686.jpg 1024w, https:\/\/www.ilkerdogan.com\/wp-content\/uploads\/MO1-760x507.jpg 760w, https:\/\/www.ilkerdogan.com\/wp-content\/uploads\/MO1-747x500.jpg 747w, https:\/\/www.ilkerdogan.com\/wp-content\/uploads\/MO1-1000x669.jpg 1000w, https:\/\/www.ilkerdogan.com\/wp-content\/uploads\/MO1.jpg 1080w\" sizes=\"(max-width: 300px) 100vw, 300px\" \/><\/a><\/p>\n<ul>\n<li>3 Saate Kadar<\/li>\n<li>5 \u0130\u015flenmi\u015f Foto\u011fraf<\/li>\n<li>\u0130stenilen konsepte<\/li>\n<li>Foto\u011fraflar\u0131n CD&#8217;si<\/li>\n<\/ul>\n<\/div>\n<\/div>\n<\/div>\n<h2 class=\"section-title center\" style=\"text-align: center;\">REFERANS \u00c7ALI\u015eMALARIM<\/h2>\n<div class=\"row\">\n<div class=\"col-sm-4   \">\n<div class=\"testo\"><img decoding=\"async\" alt=\"\" src=\"https:\/\/www.ilkerdogan.com\/wp-content\/uploads\/se1.jpg\"><\/p>\n<h4>CEM DERMANLI<span>Cem-in Backline<\/span><\/h4>\n<p>Sanat\u00e7\u0131 turneleri i\u00e7in \u00f6zel haz\u0131rlanm\u0131\u015f, yatakl\u0131 turne otob\u00fcsleri \u00e7ekimi.<\/p>\n<\/div>\n<\/div>\n<div class=\"col-sm-4   \">\n<div class=\"testo\"><img decoding=\"async\" alt=\"\" src=\"https:\/\/www.ilkerdogan.com\/wp-content\/uploads\/se2.jpg\"><\/p>\n<h4>MUSTAFA CECEL\u0130<span>2010 Yaz Konserleri<\/span><\/h4>\n<p>T\u00fcrkiye turnesi kapsam\u0131nca yaz konserleri \u00e7ekimi.<\/p>\n<\/div>\n<\/div>\n<div class=\"col-sm-4   \">\n<div class=\"testo\"><img decoding=\"async\" alt=\"\" src=\"https:\/\/www.ilkerdogan.com\/wp-content\/uploads\/se3.jpg\"><\/p>\n<h4>MUSTAFA CECEL\u0130<span>Bekle Klibi<\/span><\/h4>\n<p>Mustafa Ceceli &#8211; Bekle Klibine ait kamera arkas\u0131 g\u00f6r\u00fcnt\u00fclerinin \u00e7ekimi.<\/p>\n<\/div>\n<\/div>\n<div class=\"col-sm-4   \">\n<div class=\"testo\"><img decoding=\"async\" alt=\"\" src=\"https:\/\/www.ilkerdogan.com\/wp-content\/uploads\/se4.jpg\"><\/p>\n<h4>MUSTAFA CECEL\u0130<span>R\u00f6portaj<\/span><\/h4>\n<p>Mustafa Ceceli &#8211; Milliyet Trendy Dergisi&#8217;nin R\u00f6portaj \u00e7ekimi.<\/p>\n<\/div>\n<\/div>\n<div class=\"col-sm-4   \">\n<div class=\"testo\"><img decoding=\"async\" alt=\"\" src=\"https:\/\/www.ilkerdogan.com\/wp-content\/uploads\/se5.jpg\"><\/p>\n<h4>CENK TEVETO\u011eLU<span>Katalog<\/span><\/h4>\n<p>\u00d6zel talep do\u011frultusunda ger\u00e7ekle\u015ftirilen katalog \u00e7ekimi.<\/p>\n<\/div>\n<\/div>\n<div class=\"col-sm-4   \">\n<div class=\"testo\"><img decoding=\"async\" alt=\"\" src=\"https:\/\/www.ilkerdogan.com\/wp-content\/uploads\/se6.jpg\"><\/p>\n<h4>SPRING FEST<span>Yeditepe \u00dcniversitesi Bahar Festivali<\/span><\/h4>\n<p>Yeditepe \u00dcniversitesi Bahar Festivaline ait konser foto\u011fraflar\u0131 \u00e7ekimi.<\/p>\n<\/div>\n<\/div>\n<\/div>\n","protected":false},"excerpt":{"rendered":"<p>HANG\u0130 H\u0130ZMET\u0130M\u0130ZDEN YARARLANMAK \u0130STERS\u0130N\u0130Z? REFERANS \u00c7ALI\u015eMALARIM<\/p>\n","protected":false},"author":1,"featured_media":0,"parent":0,"menu_order":3,"comment_status":"closed","ping_status":"closed","template":"template-medium_width_page.php","meta":{"footnotes":""},"_links":{"self":[{"href":"https:\/\/www.ilkerdogan.com\/index.php\/wp-json\/wp\/v2\/pages\/2"}],"collection":[{"href":"https:\/\/www.ilkerdogan.com\/index.php\/wp-json\/wp\/v2\/pages"}],"about":[{"href":"https:\/\/www.ilkerdogan.com\/index.php\/wp-json\/wp\/v2\/types\/page"}],"author":[{"embeddable":true,"href":"https:\/\/www.ilkerdogan.com\/index.php\/wp-json\/wp\/v2\/users\/1"}],"replies":[{"embeddable":true,"href":"https:\/\/www.ilkerdogan.com\/index.php\/wp-json\/wp\/v2\/comments?post=2"}],"version-history":[{"count":166,"href":"https:\/\/www.ilkerdogan.com\/index.php\/wp-json\/wp\/v2\/pages\/2\/revisions"}],"predecessor-version":[{"id":1526,"href":"https:\/\/www.ilkerdogan.com\/index.php\/wp-json\/wp\/v2\/pages\/2\/revisions\/1526"}],"wp:attachment":[{"href":"https:\/\/www.ilkerdogan.com\/index.php\/wp-json\/wp\/v2\/media?parent=2"}],"curies":[{"name":"wp","href":"https:\/\/api.w.org\/{rel}","templated":true}]}}