{"id":422,"date":"2012-04-06T10:52:55","date_gmt":"2012-04-06T07:52:55","guid":{"rendered":"http:\/\/themes.iki-bir.com\/jupither-wp\/?page_id=82"},"modified":"2015-11-01T15:44:26","modified_gmt":"2015-11-01T13:44:26","slug":"hakkimda","status":"publish","type":"page","link":"https:\/\/www.ilkerdogan.com\/index.php\/hakkimda\/","title":{"rendered":"HAKKIMDA"},"content":{"rendered":"<p style=\"text-align: center;\"><a href=\"https:\/\/www.ilkerdogan.com\/wp-content\/uploads\/hakkimda.jpg\"><img decoding=\"async\" loading=\"lazy\" class=\"alignleft wp-image-1466 \" src=\"https:\/\/www.ilkerdogan.com\/wp-content\/uploads\/hakkimda-1024x576.jpg\" alt=\"hakkimda\" width=\"296\" height=\"166\" srcset=\"https:\/\/www.ilkerdogan.com\/wp-content\/uploads\/hakkimda-1024x576.jpg 1024w, https:\/\/www.ilkerdogan.com\/wp-content\/uploads\/hakkimda-300x169.jpg 300w, https:\/\/www.ilkerdogan.com\/wp-content\/uploads\/hakkimda-890x500.jpg 890w, https:\/\/www.ilkerdogan.com\/wp-content\/uploads\/hakkimda-1000x562.jpg 1000w, https:\/\/www.ilkerdogan.com\/wp-content\/uploads\/hakkimda.jpg 1080w\" sizes=\"(max-width: 296px) 100vw, 296px\" \/><\/a><\/p>\n<p style=\"padding-left: 30px; text-align: justify;\">1987&#8217;de \u0130stanbul&#8217;da do\u011fdum. \u00dcniversitenin ilk y\u0131llar\u0131nda\u00a0ba\u015flad\u0131\u011f\u0131m foto\u011fraf\u00e7\u0131l\u0131\u011f\u0131 bir ya\u015fam bi\u00e7imine d\u00f6n\u00fc\u015ft\u00fcrd\u00fcm ve Elektrik &amp; Elektronik M\u00fchendisli\u011fi mesle\u011fimin d\u0131\u015f\u0131nda foto\u011frafa freelance olarak devam etmekteyim.\u00a0Sahne, Portre, Konser, D\u00fc\u011f\u00fcn \u00f6ncesi \u00e7ekim ve portfolyomda g\u00f6rd\u00fc\u011f\u00fcn\u00fcz di\u011fer i\u015fler \u00fczerine\u00a0hizmet vermekteyim, sizlerde an&#8217;lar\u0131n\u0131z\u0131 payla\u015fmak isterseniz ilker@ilkerdogan.com adresinden yada ileti\u015fim formu \u00fczerinden ula\u015fabilirsiniz.<\/p>\n<h2 class=\"section-title center\">NELER YAPTIM???<\/h2>\n<div class=\"row\">\n<div class=\"col-sm-4 col-xs-6 col-md-2 \">\n<div class=\"fun-fact\"><i class=\"pw-icon-smiley\"><\/i><\/p>\n<h4>40+ MUTLU M\u00dc\u015eTER\u0130<\/h4>\n<\/div>\n<\/div>\n<div class=\"col-sm-4 col-xs-6 col-md-2 \">\n<div class=\"fun-fact\"><i class=\"pw-icon-adult\"><\/i><\/p>\n<h4>5000+ PORTRE \u00c7EK\u0130M\u0130<\/h4>\n<\/div>\n<\/div>\n<div class=\"col-sm-4 col-xs-6 col-md-2 \">\n<div class=\"fun-fact\"><i class=\"pw-icon-tree\"><\/i><\/p>\n<h4>10000+ DO\u011eA VE GEZ\u0130 \u00c7EK\u0130M\u0130<\/h4>\n<\/div>\n<\/div>\n<div class=\"col-sm-4 col-xs-6 col-md-2 \">\n<div class=\"fun-fact\"><i class=\"pw-icon-camera-outline\"><\/i><\/p>\n<h4>70000+ FOTO\u011eRAF VE 3 KAMERA ESK\u0130D\u0130<\/h4>\n<\/div>\n<\/div>\n<div class=\"col-sm-4 col-xs-6 col-md-2 \">\n<div class=\"fun-fact\"><i class=\"pw-icon-location-outline\"><\/i><\/p>\n<h4>15 \u00dcLKE Z\u0130YARET\u0130<\/h4>\n<\/div>\n<\/div>\n<div class=\"col-sm-4 col-xs-6 col-md-2 \">\n<div class=\"fun-fact\"><i class=\"pw-icon-coffee\"><\/i><\/p>\n<h4>\u00c7AY, KAHVE \u00c7OK \u0130\u00c7T\u0130M<\/h4>\n<\/div>\n<\/div>\n<\/div>\n","protected":false},"excerpt":{"rendered":"<p>1987&#8217;de \u0130stanbul&#8217;da do\u011fdum. \u00dcniversitenin ilk y\u0131llar\u0131nda\u00a0ba\u015flad\u0131\u011f\u0131m foto\u011fraf\u00e7\u0131l\u0131\u011f\u0131 bir ya\u015fam bi\u00e7imine d\u00f6n\u00fc\u015ft\u00fcrd\u00fcm ve Elektrik &amp; Elektronik M\u00fchendisli\u011fi mesle\u011fimin d\u0131\u015f\u0131nda foto\u011frafa freelance olarak devam etmekteyim.\u00a0Sahne, Portre, Konser, D\u00fc\u011f\u00fcn \u00f6ncesi \u00e7ekim ve portfolyomda g\u00f6rd\u00fc\u011f\u00fcn\u00fcz di\u011fer i\u015fler \u00fczerine\u00a0hizmet vermekteyim, sizlerde an&#8217;lar\u0131n\u0131z\u0131 payla\u015fmak isterseniz ilker@ilkerdogan.com adresinden yada ileti\u015fim formu \u00fczerinden ula\u015fabilirsiniz. NELER YAPTIM??? 40+ MUTLU M\u00dc\u015eTER\u0130 5000+ PORTRE \u00c7EK\u0130M\u0130 10000+&#8230; <span class=\"more\"><a class=\"more-link\" href=\"https:\/\/www.ilkerdogan.com\/index.php\/hakkimda\/\">Read More<\/a><\/span><\/p>\n","protected":false},"author":1,"featured_media":0,"parent":0,"menu_order":5,"comment_status":"closed","ping_status":"closed","template":"","meta":{"footnotes":""},"_links":{"self":[{"href":"https:\/\/www.ilkerdogan.com\/index.php\/wp-json\/wp\/v2\/pages\/422"}],"collection":[{"href":"https:\/\/www.ilkerdogan.com\/index.php\/wp-json\/wp\/v2\/pages"}],"about":[{"href":"https:\/\/www.ilkerdogan.com\/index.php\/wp-json\/wp\/v2\/types\/page"}],"author":[{"embeddable":true,"href":"https:\/\/www.ilkerdogan.com\/index.php\/wp-json\/wp\/v2\/users\/1"}],"replies":[{"embeddable":true,"href":"https:\/\/www.ilkerdogan.com\/index.php\/wp-json\/wp\/v2\/comments?post=422"}],"version-history":[{"count":41,"href":"https:\/\/www.ilkerdogan.com\/index.php\/wp-json\/wp\/v2\/pages\/422\/revisions"}],"predecessor-version":[{"id":1747,"href":"https:\/\/www.ilkerdogan.com\/index.php\/wp-json\/wp\/v2\/pages\/422\/revisions\/1747"}],"wp:attachment":[{"href":"https:\/\/www.ilkerdogan.com\/index.php\/wp-json\/wp\/v2\/media?parent=422"}],"curies":[{"name":"wp","href":"https:\/\/api.w.org\/{rel}","templated":true}]}}